{"id":8984,"date":"2022-12-27T13:59:36","date_gmt":"2022-12-27T10:59:36","guid":{"rendered":"https:\/\/www.ozanbalik.com\/de\/?page_id=8984"},"modified":"2025-12-16T00:01:10","modified_gmt":"2025-12-15T21:01:10","slug":"jawline-fillers-preise-turkei-2022","status":"publish","type":"page","link":"https:\/\/www.ozanbalik.com\/de\/jawline-fillers-preise-turkei-2022\/","title":{"rendered":"Jawline Fillers T\u00fcrkei"},"content":{"rendered":"\t\t<div data-elementor-type=\"wp-page\" data-elementor-id=\"8984\" class=\"elementor elementor-8984\">\n\t\t\t\t\t\t\t\t\t<section class=\"elementor-section elementor-top-section elementor-element elementor-element-f3aa8e5 elementor-section-boxed elementor-section-height-default elementor-section-height-default\" data-id=\"f3aa8e5\" data-element_type=\"section\" data-settings=\"{&quot;background_background&quot;:&quot;classic&quot;}\">\n\t\t\t\t\t\t<div class=\"elementor-container elementor-column-gap-default\">\n\t\t\t\t\t<div class=\"elementor-column elementor-col-100 elementor-top-column elementor-element elementor-element-a34c7c0\" data-id=\"a34c7c0\" data-element_type=\"column\">\n\t\t\t<div class=\"elementor-widget-wrap elementor-element-populated\">\n\t\t\t\t\t\t\t\t<section class=\"elementor-section elementor-inner-section elementor-element elementor-element-2dac895 elementor-section-boxed elementor-section-height-default elementor-section-height-default\" data-id=\"2dac895\" data-element_type=\"section\">\n\t\t\t\t\t\t<div class=\"elementor-container elementor-column-gap-default\">\n\t\t\t\t\t<div class=\"elementor-column elementor-col-50 elementor-inner-column elementor-element elementor-element-532ad7a\" data-id=\"532ad7a\" data-element_type=\"column\">\n\t\t\t<div class=\"elementor-widget-wrap elementor-element-populated\">\n\t\t\t\t\t\t\t\t<div class=\"elementor-element elementor-element-e353253 elementor-widget__width-auto elementor-widget elementor-widget-ld_breadcrumb\" data-id=\"e353253\" data-element_type=\"widget\" data-widget_type=\"ld_breadcrumb.default\">\n\t\t\t\t<div class=\"elementor-widget-container\">\n\t\t\t<div class=\"lqd-breadcrumb-wrapper\"><nav role=\"navigation\" aria-label=\"Breadcrumbs\" class=\"breadcrumbs\"><ol class=\"breadcrumb reset-ul inline-nav inline-ul comma-sep-li\"><li class=\"breadcrumb-item active\"><a href=\"https:\/\/www.ozanbalik.com\/de\" rel=\"home\"><span>Home<\/span><\/a><\/li><\/ol><\/nav><\/div>\t\t<\/div>\n\t\t\t\t<\/div>\n\t\t\t\t<div class=\"elementor-element elementor-element-be6d214 elementor-widget elementor-widget-hub_fancy_heading\" data-id=\"be6d214\" data-element_type=\"widget\" data-widget_type=\"hub_fancy_heading.default\">\n\t\t\t\t<div class=\"elementor-widget-container\">\n\t\t\t\n\t\t<div id=\"ld-fancy-heading-69db729823bb6\" class=\"ld-fancy-heading pos-rel\">\n\t\t\t<h1 class=\"ld-fh-element d-inline-block pos-rel  elementor-heading-title lqd-highlight-classic lqd-highlight-grow-left h1\"  > Jawline Fillers T\u00fcrkei <\/h1>\t\t<\/div>\n\n\t\t\t\t<\/div>\n\t\t\t\t<\/div>\n\t\t\t\t\t<\/div>\n\t\t<\/div>\n\t\t\t\t<div class=\"elementor-column elementor-col-50 elementor-inner-column elementor-element elementor-element-6a0873d\" data-id=\"6a0873d\" data-element_type=\"column\">\n\t\t\t<div class=\"elementor-widget-wrap\">\n\t\t\t\t\t\t\t\t\t<\/div>\n\t\t<\/div>\n\t\t\t\t\t\t\t<\/div>\n\t\t<\/section>\n\t\t\t\t\t<\/div>\n\t\t<\/div>\n\t\t\t\t\t\t\t<\/div>\n\t\t<\/section>\n\t\t\t\t<section class=\"elementor-section elementor-top-section elementor-element elementor-element-6d7be12 elementor-reverse-tablet elementor-reverse-mobile elementor-section-boxed elementor-section-height-default elementor-section-height-default\" data-id=\"6d7be12\" data-element_type=\"section\">\n\t\t\t\t\t\t<div class=\"elementor-container elementor-column-gap-default\">\n\t\t\t\t\t<div class=\"lqd-css-sticky-column elementor-column elementor-col-50 elementor-top-column elementor-element elementor-element-4baa0c5\" style=\"--lqd-sticky-offset:1px\" data-id=\"4baa0c5\" data-element_type=\"column\">\n\t\t\t<div class=\"elementor-widget-wrap elementor-element-populated\">\n\t\t\t\t\t\t\t\t<div class=\"elementor-element elementor-element-c81043d elementor-widget elementor-widget-hub_fancy_heading\" data-id=\"c81043d\" data-element_type=\"widget\" data-widget_type=\"hub_fancy_heading.default\">\n\t\t\t\t<div class=\"elementor-widget-container\">\n\t\t\t\n\t\t<div id=\"ld-fancy-heading-69db72982920e\" class=\"ld-fancy-heading pos-rel\">\n\t\t\t<span class=\"ld-fh-element d-inline-block pos-rel  lqd-highlight-classic lqd-highlight-grow-left span\"  > Kosmetisch\n<\/span>\t\t<\/div>\n\n\t\t\t\t<\/div>\n\t\t\t\t<\/div>\n\t\t\t\t<div class=\"elementor-element elementor-element-2feaa55 elementor-icon-list--layout-traditional elementor-list-item-link-full_width elementor-widget elementor-widget-icon-list\" data-id=\"2feaa55\" data-element_type=\"widget\" data-widget_type=\"icon-list.default\">\n\t\t\t\t<div class=\"elementor-widget-container\">\n\t\t\t<link rel=\"stylesheet\" href=\"https:\/\/www.ozanbalik.com\/de\/wp-content\/plugins\/elementor\/assets\/css\/widget-icon-list.min.css\">\t\t<ul class=\"elementor-icon-list-items\">\n\t\t\t\t\t\t\t<li class=\"elementor-icon-list-item\">\n\t\t\t\t\t\t\t\t\t\t\t<a href=\"https:\/\/www.ozanbalik.com\/de\/botulinumtoxin-preise-turkei-2022\/\">\n\n\t\t\t\t\t\t\t\t\t\t\t\t<span class=\"elementor-icon-list-icon\">\n\t\t\t\t\t\t\t<i aria-hidden=\"true\" class=\"fas fa-chevron-right\"><\/i>\t\t\t\t\t\t<\/span>\n\t\t\t\t\t\t\t\t\t\t<span class=\"elementor-icon-list-text\"> Botulinumtoxin<\/span>\n\t\t\t\t\t\t\t\t\t\t\t<\/a>\n\t\t\t\t\t\t\t\t\t<\/li>\n\t\t\t\t\t\t\t\t<li class=\"elementor-icon-list-item\">\n\t\t\t\t\t\t\t\t\t\t\t<a href=\"https:\/\/www.ozanbalik.com\/de\/lippenfuller-und-preise-turkei-2022\/\">\n\n\t\t\t\t\t\t\t\t\t\t\t\t<span class=\"elementor-icon-list-icon\">\n\t\t\t\t\t\t\t<i aria-hidden=\"true\" class=\"fas fa-chevron-right\"><\/i>\t\t\t\t\t\t<\/span>\n\t\t\t\t\t\t\t\t\t\t<span class=\"elementor-icon-list-text\"> Lippenf\u00fcller<\/span>\n\t\t\t\t\t\t\t\t\t\t\t<\/a>\n\t\t\t\t\t\t\t\t\t<\/li>\n\t\t\t\t\t\t\t\t<li class=\"elementor-icon-list-item\">\n\t\t\t\t\t\t\t\t\t\t\t<a href=\"https:\/\/www.ozanbalik.com\/de\/jawline-fillers-preise-turkei-2022\/\">\n\n\t\t\t\t\t\t\t\t\t\t\t\t<span class=\"elementor-icon-list-icon\">\n\t\t\t\t\t\t\t<i aria-hidden=\"true\" class=\"fas fa-chevron-right\"><\/i>\t\t\t\t\t\t<\/span>\n\t\t\t\t\t\t\t\t\t\t<span class=\"elementor-icon-list-text\">Jawline Fillers<\/span>\n\t\t\t\t\t\t\t\t\t\t\t<\/a>\n\t\t\t\t\t\t\t\t\t<\/li>\n\t\t\t\t\t\t\t\t<li class=\"elementor-icon-list-item\">\n\t\t\t\t\t\t\t\t\t\t\t<a href=\"https:\/\/www.ozanbalik.com\/de\/achselschwitzen-behandlung-turkei-2022\/\">\n\n\t\t\t\t\t\t\t\t\t\t\t\t<span class=\"elementor-icon-list-icon\">\n\t\t\t\t\t\t\t<i aria-hidden=\"true\" class=\"fas fa-chevron-right\"><\/i>\t\t\t\t\t\t<\/span>\n\t\t\t\t\t\t\t\t\t\t<span class=\"elementor-icon-list-text\">Achselschwitzen Behandlung<\/span>\n\t\t\t\t\t\t\t\t\t\t\t<\/a>\n\t\t\t\t\t\t\t\t\t<\/li>\n\t\t\t\t\t\t\t\t<li class=\"elementor-icon-list-item\">\n\t\t\t\t\t\t\t\t\t\t\t<a href=\"https:\/\/www.ozanbalik.com\/de\/mesotherapie-preise-turkei-2022\/\">\n\n\t\t\t\t\t\t\t\t\t\t\t\t<span class=\"elementor-icon-list-icon\">\n\t\t\t\t\t\t\t<i aria-hidden=\"true\" class=\"fas fa-chevron-right\"><\/i>\t\t\t\t\t\t<\/span>\n\t\t\t\t\t\t\t\t\t\t<span class=\"elementor-icon-list-text\">Mesotherapie<\/span>\n\t\t\t\t\t\t\t\t\t\t\t<\/a>\n\t\t\t\t\t\t\t\t\t<\/li>\n\t\t\t\t\t\t\t\t<li class=\"elementor-icon-list-item\">\n\t\t\t\t\t\t\t\t\t\t\t<a href=\"https:\/\/www.ozanbalik.com\/de\/silhouette-soft-treatment-turkei-2022\/\">\n\n\t\t\t\t\t\t\t\t\t\t\t\t<span class=\"elementor-icon-list-icon\">\n\t\t\t\t\t\t\t<i aria-hidden=\"true\" class=\"fas fa-chevron-right\"><\/i>\t\t\t\t\t\t<\/span>\n\t\t\t\t\t\t\t\t\t\t<span class=\"elementor-icon-list-text\">Silhouette Soft <\/span>\n\t\t\t\t\t\t\t\t\t\t\t<\/a>\n\t\t\t\t\t\t\t\t\t<\/li>\n\t\t\t\t\t\t\t\t<li class=\"elementor-icon-list-item\">\n\t\t\t\t\t\t\t\t\t\t\t<a href=\"https:\/\/www.ozanbalik.com\/de\/lichtfullung-unter-den-augen-und-turkei-2022\/\">\n\n\t\t\t\t\t\t\t\t\t\t\t\t<span class=\"elementor-icon-list-icon\">\n\t\t\t\t\t\t\t<i aria-hidden=\"true\" class=\"fas fa-chevron-right\"><\/i>\t\t\t\t\t\t<\/span>\n\t\t\t\t\t\t\t\t\t\t<span class=\"elementor-icon-list-text\">Lichtf\u00fcllung unter den Augen<\/span>\n\t\t\t\t\t\t\t\t\t\t\t<\/a>\n\t\t\t\t\t\t\t\t\t<\/li>\n\t\t\t\t\t\t<\/ul>\n\t\t\t\t<\/div>\n\t\t\t\t<\/div>\n\t\t\t\t<div class=\"elementor-element elementor-element-9bc49cf elementor-widget elementor-widget-spacer\" data-id=\"9bc49cf\" data-element_type=\"widget\" data-widget_type=\"spacer.default\">\n\t\t\t\t<div class=\"elementor-widget-container\">\n\t\t\t<style>\/*! elementor - v3.14.0 - 26-06-2023 *\/\n.elementor-column .elementor-spacer-inner{height:var(--spacer-size)}.e-con{--container-widget-width:100%}.e-con-inner>.elementor-widget-spacer,.e-con>.elementor-widget-spacer{width:var(--container-widget-width,var(--spacer-size));--align-self:var(--container-widget-align-self,initial);--flex-shrink:0}.e-con-inner>.elementor-widget-spacer>.elementor-widget-container,.e-con-inner>.elementor-widget-spacer>.elementor-widget-container>.elementor-spacer,.e-con>.elementor-widget-spacer>.elementor-widget-container,.e-con>.elementor-widget-spacer>.elementor-widget-container>.elementor-spacer{height:100%}.e-con-inner>.elementor-widget-spacer>.elementor-widget-container>.elementor-spacer>.elementor-spacer-inner,.e-con>.elementor-widget-spacer>.elementor-widget-container>.elementor-spacer>.elementor-spacer-inner{height:var(--container-widget-height,var(--spacer-size))}<\/style>\t\t<div class=\"elementor-spacer\">\n\t\t\t<div class=\"elementor-spacer-inner\"><\/div>\n\t\t<\/div>\n\t\t\t\t<\/div>\n\t\t\t\t<\/div>\n\t\t\t\t<div class=\"elementor-element elementor-element-ce3fb6f elementor-widget elementor-widget-hub_fancy_heading\" data-id=\"ce3fb6f\" data-element_type=\"widget\" data-widget_type=\"hub_fancy_heading.default\">\n\t\t\t\t<div class=\"elementor-widget-container\">\n\t\t\t\n\t\t<div id=\"ld-fancy-heading-69db72982c4ab\" class=\"ld-fancy-heading pos-rel\">\n\t\t\t<span class=\"ld-fh-element d-inline-block pos-rel  lqd-highlight-classic lqd-highlight-grow-left span\"  > Fragen Sie den Arzt?\n<\/span>\t\t<\/div>\n\n\t\t\t\t<\/div>\n\t\t\t\t<\/div>\n\t\t\t\t<div class=\"elementor-element elementor-element-66d21a6 elementor-widget elementor-widget-ld_cf722\" data-id=\"66d21a6\" data-element_type=\"widget\" data-widget_type=\"ld_cf722.default\">\n\t\t\t\t<div class=\"elementor-widget-container\">\n\t\t\t\n\t<div class=\"lqd-contact-form lqd-contact-form-inputs-underlined   lqd-contact-form-button-block  lqd-contact-form-button-sm   lqd-contact-form-inputs-sm\">\n\t\t\n<div class=\"wpcf7 no-js\" id=\"wpcf7-f6-o1\" lang=\"tr-TR\" dir=\"ltr\" data-wpcf7-id=\"6\">\n<div class=\"screen-reader-response\"><p role=\"status\" aria-live=\"polite\" aria-atomic=\"true\"><\/p> <ul><\/ul><\/div>\n<form action=\"\/de\/wp-json\/wp\/v2\/pages\/8984#wpcf7-f6-o1\" method=\"post\" class=\"wpcf7-form init\" aria-label=\"\u0130leti\u015fim Formu\" novalidate=\"novalidate\" data-status=\"init\">\n<div style=\"display: none;\">\n<input type=\"hidden\" name=\"_wpcf7\" value=\"6\" \/>\n<input type=\"hidden\" name=\"_wpcf7_version\" value=\"6.0.2\" \/>\n<input type=\"hidden\" name=\"_wpcf7_locale\" value=\"tr_TR\" \/>\n<input type=\"hidden\" name=\"_wpcf7_unit_tag\" value=\"wpcf7-f6-o1\" \/>\n<input type=\"hidden\" name=\"_wpcf7_container_post\" value=\"0\" \/>\n<input type=\"hidden\" name=\"_wpcf7_posted_data_hash\" value=\"\" \/>\n<\/div>\n<div class=\"row\">\n\t<div class=\"col-md-12\">\n\t\t<p><span class=\"wpcf7-form-control-wrap\" data-name=\"adi\"><input size=\"40\" maxlength=\"400\" class=\"wpcf7-form-control wpcf7-text wpcf7-validates-as-required\" aria-required=\"true\" aria-invalid=\"false\" placeholder=\"Dein Name\" value=\"\" type=\"text\" name=\"adi\" \/><\/span><i class=\"lqd-icn-ess icon-lqd-user\"><\/i>\n\t\t<\/p>\n\t<\/div>\n\t<div class=\"col-md-12\">\n\t\t<p><span class=\"wpcf7-form-control-wrap telefon\"><input class=\"wpcf7-form-control wpcf7-tel wpcf7-validates-as-required wpcf7-validates-as-tel\" aria-required=\"true\" aria-invalid=\"false\" value=\"\" type=\"tel\" name=\"telefon_hide\" data-name=\"telefon\"  data-pre=\"\" data-excludeCountries=\"\" data-onlyct=\"\" data-defcountry=\"\" data-auto=\"1\" data-validation=\"1\" \/><\/span><i aria-hidden=\"true\" class=\"fas fa-mobile-alt\"><\/i>\n\t\t<\/p>\n\t<\/div>\n\t<div class=\"col-md-12\">\n\t\t<p><span class=\"wpcf7-form-control-wrap\" data-name=\"email\"><input size=\"40\" maxlength=\"400\" class=\"wpcf7-form-control wpcf7-email wpcf7-validates-as-required wpcf7-text wpcf7-validates-as-email\" aria-required=\"true\" aria-invalid=\"false\" placeholder=\"Deine E-Mail\" value=\"\" type=\"email\" name=\"email\" \/><\/span><i aria-hidden=\"true\" class=\"fas fa-envelope\"><\/i>\n\t\t<\/p>\n\t<\/div>\n\t<div class=\"col-md-12\">\n\t\t<p><span class=\"wpcf7-form-control-wrap\" data-name=\"mesaj\"><textarea cols=\"40\" rows=\"1\" maxlength=\"2000\" class=\"wpcf7-form-control wpcf7-textarea\" aria-invalid=\"false\" placeholder=\"Ihre Frage...\" name=\"mesaj\"><\/textarea><\/span><i aria-hidden=\"true\"\n            class=\"far fa-comment-alt\"><\/i>\n\t\t<\/p>\n\t<\/div>\n\t<div class=\"col-md-12\">\n\t\t<p><input class=\"wpcf7-form-control wpcf7-submit has-spinner\" type=\"submit\" value=\"Formular Absenden\" \/>\n\t\t<\/p>\n\t<\/div>\n<\/div><div class=\"wpcf7-response-output\" aria-hidden=\"true\"><\/div>\n<\/form>\n<\/div>\n\t<\/div>\n\n\t\t\t<\/div>\n\t\t\t\t<\/div>\n\t\t\t\t\t<\/div>\n\t\t<\/div>\n\t\t\t\t<div class=\"elementor-column elementor-col-50 elementor-top-column elementor-element elementor-element-c8ed192\" data-id=\"c8ed192\" data-element_type=\"column\">\n\t\t\t<div class=\"elementor-widget-wrap elementor-element-populated\">\n\t\t\t\t\t\t\t\t<div class=\"elementor-element elementor-element-5dd1530 elementor-widget elementor-widget-text-editor\" data-id=\"5dd1530\" data-element_type=\"widget\" data-widget_type=\"text-editor.default\">\n\t\t\t\t<div class=\"elementor-widget-container\">\n\t\t\t<style>\/*! elementor - v3.14.0 - 26-06-2023 *\/\n.elementor-widget-text-editor.elementor-drop-cap-view-stacked .elementor-drop-cap{background-color:#69727d;color:#fff}.elementor-widget-text-editor.elementor-drop-cap-view-framed .elementor-drop-cap{color:#69727d;border:3px solid;background-color:transparent}.elementor-widget-text-editor:not(.elementor-drop-cap-view-default) .elementor-drop-cap{margin-top:8px}.elementor-widget-text-editor:not(.elementor-drop-cap-view-default) .elementor-drop-cap-letter{width:1em;height:1em}.elementor-widget-text-editor .elementor-drop-cap{float:left;text-align:center;line-height:1;font-size:50px}.elementor-widget-text-editor .elementor-drop-cap-letter{display:inline-block}<\/style>\t\t\t\t<h2><strong>Kieferfaltenf\u00fcller<\/strong><\/h2><p>Bevor wir \u00fcber Kieferfaltenf\u00fcller sprechen k\u00f6nnen, m\u00fcssen wir etwas klarstellen. Im Falle einer Fehlstellung der Kieferstruktur muss nach einer kephalometrischen Analyse w\u00e4hrend der fr\u00fchen Verkn\u00f6cherung eine orthognatische Operation von einem Chirurgen durchgef\u00fchrt werden, der auf diesen Bereich spezialisiert ist. Mit zunehmendem Alter schreitet das Problem voran und es dauert zwischen 2 und 3 Jahren.<\/p><h2><strong>Kieferauff\u00fcller und Rhinoplastik<\/strong><\/h2><p>Unter Kieferfillern versteht man nicht die Korrektur von Zahn\u00fcberschneidungen, sondern lediglich Anwendungen zur Verbesserung der Harmonie von Kinn und Lippen eines Patienten. Wenn wir \u00fcber die Gesichtsstruktur sprechen, kann kein einziger Teil davon separat betrachtet werden, sei es die Nase, die Augen oder irgendein anderer Teil. Selbst wenn alle anderen Teile in Harmonie sind, kann eine einzige Struktur das Aussehen st\u00f6ren. F\u00fcr weitere Informationen \u00fcber die Beziehung zwischen Nasenkorrektur und Kieferfillern, lesen Sie bitte:<\/p><h2><strong>Wie wird die Platzierung von Fillern f\u00fcr die Kieferpartie entschieden?<\/strong><\/h2><p>Ich achte bei der Planung von Kieferfillern in meiner Klinik auf ein Detail: Wenn eine gerade Linie vom Zusammenflusspunkt der Unterlippe und der Haut nicht mit dem Kinn \u00fcbereinstimmt, plane ich die Kieferfiller. Aber nat\u00fcrlich gibt es auch Ausnahmen von dieser Regel. Aber ich m\u00f6chte noch einmal betonen, dass wir nicht versuchen, eine Zahnfehlstellung oder eine \u00dcberlappung mit Kieferfillern zu korrigieren.\u00a0Wir versuchen, die Kieferlinie \u00e4sthetisch zu betonen.<\/p><h2><strong>Wie werden Kieferkantenauff\u00fcller durchgef\u00fchrt?<\/strong><\/h2><p>Da sie unter einer dicken Hautschicht und einer dynamischen Muskelschicht durchgef\u00fchrt werden, m\u00fcssen Kieferfiller dicht sein, mit anderen Worten. Je nach den verwendeten Fillern betr\u00e4gt ihre Lebensdauer zwischen 6 Monaten und 5 Jahren, und die Verwendung von Bet\u00e4ubungscremes tr\u00e4gt zu einer angenehmen Anwendung bei. Bluterg\u00fcsse und Schwellungen sind selten zu beobachten.<\/p><h2><strong>Preise f\u00fcr Kieferfaltenf\u00fcller<\/strong><\/h2><p>Wie bei allen anderen Fillern richtet sich der Preis f\u00fcr Kieferfaltenf\u00fcller nach der ben\u00f6tigten Menge an F\u00fcllsubstanz.<\/p><p>Wenn Sie sich f\u00fcr Kieferfaltenf\u00fcller interessieren, k\u00f6nnten Sie auch an\u00a0<\/p><p>F\u00fcr weitere Informationen \u00fcber Kieferfaltenf\u00fcller f\u00fcllen Sie bitte das untenstehende Formular aus.<\/p>\t\t\t\t\t\t<\/div>\n\t\t\t\t<\/div>\n\t\t\t\t\t<\/div>\n\t\t<\/div>\n\t\t\t\t\t\t\t<\/div>\n\t\t<\/section>\n\t\t\t\t\t\t\t<\/div>\n\t\t","protected":false},"excerpt":{"rendered":"<p>Anasayfa Jawline Fillers T\u00fcrkei Kosmetisch Botulinumtoxin Lippenf\u00fcller Jawline Fillers Achselschwitzen Behandlung Mesotherapie Silhouette Soft Lichtf\u00fcllung unter den Augen Fragen Sie den Arzt? Kieferfaltenf\u00fcller Bevor wir \u00fcber Kieferfaltenf\u00fcller sprechen k\u00f6nnen, m\u00fcssen wir etwas klarstellen. Im Falle einer Fehlstellung der Kieferstruktur muss nach einer kephalometrischen Analyse w\u00e4hrend der fr\u00fchen Verkn\u00f6cherung eine orthognatische Operation von einem Chirurgen durchgef\u00fchrt [&hellip;]<\/p>\n","protected":false},"author":1,"featured_media":0,"parent":0,"menu_order":0,"comment_status":"closed","ping_status":"closed","template":"","meta":{"footnotes":""},"class_list":["post-8984","page","type-page","status-publish","hentry"],"aioseo_notices":[],"_links":{"self":[{"href":"https:\/\/www.ozanbalik.com\/de\/wp-json\/wp\/v2\/pages\/8984","targetHints":{"allow":["GET"]}}],"collection":[{"href":"https:\/\/www.ozanbalik.com\/de\/wp-json\/wp\/v2\/pages"}],"about":[{"href":"https:\/\/www.ozanbalik.com\/de\/wp-json\/wp\/v2\/types\/page"}],"author":[{"embeddable":true,"href":"https:\/\/www.ozanbalik.com\/de\/wp-json\/wp\/v2\/users\/1"}],"replies":[{"embeddable":true,"href":"https:\/\/www.ozanbalik.com\/de\/wp-json\/wp\/v2\/comments?post=8984"}],"version-history":[{"count":1,"href":"https:\/\/www.ozanbalik.com\/de\/wp-json\/wp\/v2\/pages\/8984\/revisions"}],"predecessor-version":[{"id":10517,"href":"https:\/\/www.ozanbalik.com\/de\/wp-json\/wp\/v2\/pages\/8984\/revisions\/10517"}],"wp:attachment":[{"href":"https:\/\/www.ozanbalik.com\/de\/wp-json\/wp\/v2\/media?parent=8984"}],"curies":[{"name":"wp","href":"https:\/\/api.w.org\/{rel}","templated":true}]}}