{"id":6950,"date":"2022-12-15T15:17:03","date_gmt":"2022-12-15T12:17:03","guid":{"rendered":"https:\/\/www.ozanbalik.com\/de\/?page_id=6950"},"modified":"2025-12-15T23:41:28","modified_gmt":"2025-12-15T20:41:28","slug":"der-verfruhte-samenerguss","status":"publish","type":"page","link":"https:\/\/www.ozanbalik.com\/de\/der-verfruhte-samenerguss\/","title":{"rendered":"Der Verfr\u00fchte Samenerguss"},"content":{"rendered":"\t\t<div data-elementor-type=\"wp-page\" data-elementor-id=\"6950\" class=\"elementor elementor-6950\">\n\t\t\t\t\t\t\t\t\t<section class=\"elementor-section elementor-top-section elementor-element elementor-element-f3aa8e5 elementor-section-boxed elementor-section-height-default elementor-section-height-default\" data-id=\"f3aa8e5\" data-element_type=\"section\" data-settings=\"{&quot;background_background&quot;:&quot;classic&quot;}\">\n\t\t\t\t\t\t<div class=\"elementor-container elementor-column-gap-default\">\n\t\t\t\t\t<div class=\"elementor-column elementor-col-100 elementor-top-column elementor-element elementor-element-a34c7c0\" data-id=\"a34c7c0\" data-element_type=\"column\">\n\t\t\t<div class=\"elementor-widget-wrap elementor-element-populated\">\n\t\t\t\t\t\t\t\t<section class=\"elementor-section elementor-inner-section elementor-element elementor-element-2dac895 elementor-section-boxed elementor-section-height-default elementor-section-height-default\" data-id=\"2dac895\" data-element_type=\"section\">\n\t\t\t\t\t\t<div class=\"elementor-container elementor-column-gap-default\">\n\t\t\t\t\t<div class=\"elementor-column elementor-col-50 elementor-inner-column elementor-element elementor-element-532ad7a\" data-id=\"532ad7a\" data-element_type=\"column\">\n\t\t\t<div class=\"elementor-widget-wrap elementor-element-populated\">\n\t\t\t\t\t\t\t\t<div class=\"elementor-element elementor-element-e353253 elementor-widget__width-auto elementor-widget elementor-widget-ld_breadcrumb\" data-id=\"e353253\" data-element_type=\"widget\" data-widget_type=\"ld_breadcrumb.default\">\n\t\t\t\t<div class=\"elementor-widget-container\">\n\t\t\t<div class=\"lqd-breadcrumb-wrapper\"><nav role=\"navigation\" aria-label=\"Breadcrumbs\" class=\"breadcrumbs\"><ol class=\"breadcrumb reset-ul inline-nav inline-ul comma-sep-li\"><li class=\"breadcrumb-item active\"><a href=\"https:\/\/www.ozanbalik.com\/de\" rel=\"home\"><span>Home<\/span><\/a><\/li><\/ol><\/nav><\/div>\t\t<\/div>\n\t\t\t\t<\/div>\n\t\t\t\t<div class=\"elementor-element elementor-element-be6d214 elementor-widget elementor-widget-hub_fancy_heading\" data-id=\"be6d214\" data-element_type=\"widget\" data-widget_type=\"hub_fancy_heading.default\">\n\t\t\t\t<div class=\"elementor-widget-container\">\n\t\t\t\n\t\t<div id=\"ld-fancy-heading-69d0cab6c2e51\" class=\"ld-fancy-heading pos-rel\">\n\t\t\t<h1 class=\"ld-fh-element d-inline-block pos-rel  elementor-heading-title lqd-highlight-classic lqd-highlight-grow-left h1\"  > Der Verfr\u00fchte Samenerguss<\/h1>\t\t<\/div>\n\n\t\t\t\t<\/div>\n\t\t\t\t<\/div>\n\t\t\t\t\t<\/div>\n\t\t<\/div>\n\t\t\t\t<div class=\"elementor-column elementor-col-50 elementor-inner-column elementor-element elementor-element-6a0873d\" data-id=\"6a0873d\" data-element_type=\"column\">\n\t\t\t<div class=\"elementor-widget-wrap\">\n\t\t\t\t\t\t\t\t\t<\/div>\n\t\t<\/div>\n\t\t\t\t\t\t\t<\/div>\n\t\t<\/section>\n\t\t\t\t\t<\/div>\n\t\t<\/div>\n\t\t\t\t\t\t\t<\/div>\n\t\t<\/section>\n\t\t\t\t<section class=\"elementor-section elementor-top-section elementor-element elementor-element-6d7be12 elementor-reverse-tablet elementor-reverse-mobile elementor-section-boxed elementor-section-height-default elementor-section-height-default\" data-id=\"6d7be12\" data-element_type=\"section\">\n\t\t\t\t\t\t<div class=\"elementor-container elementor-column-gap-default\">\n\t\t\t\t\t<div class=\"lqd-css-sticky-column elementor-column elementor-col-33 elementor-top-column elementor-element elementor-element-4ceac5d\" style=\"--lqd-sticky-offset:1px\" data-id=\"4ceac5d\" data-element_type=\"column\">\n\t\t\t<div class=\"elementor-widget-wrap elementor-element-populated\">\n\t\t\t\t\t\t\t\t<div class=\"elementor-element elementor-element-3269b03 elementor-widget elementor-widget-hub_fancy_heading\" data-id=\"3269b03\" data-element_type=\"widget\" data-widget_type=\"hub_fancy_heading.default\">\n\t\t\t\t<div class=\"elementor-widget-container\">\n\t\t\t\n\t\t<div id=\"ld-fancy-heading-69d0cab6c7c85\" class=\"ld-fancy-heading pos-rel\">\n\t\t\t<span class=\"ld-fh-element d-inline-block pos-rel  lqd-highlight-classic lqd-highlight-grow-left span\"  > M\u00e4nnlicher Genitalbereich \u00c4sthetik<\/span>\t\t<\/div>\n\n\t\t\t\t<\/div>\n\t\t\t\t<\/div>\n\t\t\t\t<div class=\"elementor-element elementor-element-342712c elementor-icon-list--layout-traditional elementor-list-item-link-full_width elementor-widget elementor-widget-icon-list\" data-id=\"342712c\" data-element_type=\"widget\" data-widget_type=\"icon-list.default\">\n\t\t\t\t<div class=\"elementor-widget-container\">\n\t\t\t<link rel=\"stylesheet\" href=\"https:\/\/www.ozanbalik.com\/de\/wp-content\/plugins\/elementor\/assets\/css\/widget-icon-list.min.css\">\t\t<ul class=\"elementor-icon-list-items\">\n\t\t\t\t\t\t\t<li class=\"elementor-icon-list-item\">\n\t\t\t\t\t\t\t\t\t\t\t<a href=\"https:\/\/www.ozanbalik.com\/de\/der-verfruhte-samenerguss\/\">\n\n\t\t\t\t\t\t\t\t\t\t\t\t<span class=\"elementor-icon-list-icon\">\n\t\t\t\t\t\t\t<i aria-hidden=\"true\" class=\"fas fa-chevron-right\"><\/i>\t\t\t\t\t\t<\/span>\n\t\t\t\t\t\t\t\t\t\t<span class=\"elementor-icon-list-text\">Der Verfr\u00fchte Samenerguss<\/span>\n\t\t\t\t\t\t\t\t\t\t\t<\/a>\n\t\t\t\t\t\t\t\t\t<\/li>\n\t\t\t\t\t\t<\/ul>\n\t\t\t\t<\/div>\n\t\t\t\t<\/div>\n\t\t\t\t<div class=\"elementor-element elementor-element-af4e921 elementor-widget elementor-widget-spacer\" data-id=\"af4e921\" data-element_type=\"widget\" data-widget_type=\"spacer.default\">\n\t\t\t\t<div class=\"elementor-widget-container\">\n\t\t\t<style>\/*! elementor - v3.14.0 - 26-06-2023 *\/\n.elementor-column .elementor-spacer-inner{height:var(--spacer-size)}.e-con{--container-widget-width:100%}.e-con-inner>.elementor-widget-spacer,.e-con>.elementor-widget-spacer{width:var(--container-widget-width,var(--spacer-size));--align-self:var(--container-widget-align-self,initial);--flex-shrink:0}.e-con-inner>.elementor-widget-spacer>.elementor-widget-container,.e-con-inner>.elementor-widget-spacer>.elementor-widget-container>.elementor-spacer,.e-con>.elementor-widget-spacer>.elementor-widget-container,.e-con>.elementor-widget-spacer>.elementor-widget-container>.elementor-spacer{height:100%}.e-con-inner>.elementor-widget-spacer>.elementor-widget-container>.elementor-spacer>.elementor-spacer-inner,.e-con>.elementor-widget-spacer>.elementor-widget-container>.elementor-spacer>.elementor-spacer-inner{height:var(--container-widget-height,var(--spacer-size))}<\/style>\t\t<div class=\"elementor-spacer\">\n\t\t\t<div class=\"elementor-spacer-inner\"><\/div>\n\t\t<\/div>\n\t\t\t\t<\/div>\n\t\t\t\t<\/div>\n\t\t\t\t<div class=\"elementor-element elementor-element-7231f9f elementor-widget elementor-widget-hub_fancy_heading\" data-id=\"7231f9f\" data-element_type=\"widget\" data-widget_type=\"hub_fancy_heading.default\">\n\t\t\t\t<div class=\"elementor-widget-container\">\n\t\t\t\n\t\t<div id=\"ld-fancy-heading-69d0cab6caa70\" class=\"ld-fancy-heading pos-rel\">\n\t\t\t<span class=\"ld-fh-element d-inline-block pos-rel  lqd-highlight-classic lqd-highlight-grow-left span\"  > Fragen Sie den Arzt?<\/span>\t\t<\/div>\n\n\t\t\t\t<\/div>\n\t\t\t\t<\/div>\n\t\t\t\t<div class=\"elementor-element elementor-element-ffcf6be elementor-widget elementor-widget-ld_cf722\" data-id=\"ffcf6be\" data-element_type=\"widget\" data-widget_type=\"ld_cf722.default\">\n\t\t\t\t<div class=\"elementor-widget-container\">\n\t\t\t\n\t<div class=\"lqd-contact-form lqd-contact-form-inputs-underlined   lqd-contact-form-button-block  lqd-contact-form-button-sm   lqd-contact-form-inputs-sm\">\n\t\t\n<div class=\"wpcf7 no-js\" id=\"wpcf7-f6-o1\" lang=\"tr-TR\" dir=\"ltr\" data-wpcf7-id=\"6\">\n<div class=\"screen-reader-response\"><p role=\"status\" aria-live=\"polite\" aria-atomic=\"true\"><\/p> <ul><\/ul><\/div>\n<form action=\"\/de\/wp-json\/wp\/v2\/pages\/6950#wpcf7-f6-o1\" method=\"post\" class=\"wpcf7-form init\" aria-label=\"\u0130leti\u015fim Formu\" novalidate=\"novalidate\" data-status=\"init\">\n<div style=\"display: none;\">\n<input type=\"hidden\" name=\"_wpcf7\" value=\"6\" \/>\n<input type=\"hidden\" name=\"_wpcf7_version\" value=\"6.0.2\" \/>\n<input type=\"hidden\" name=\"_wpcf7_locale\" value=\"tr_TR\" \/>\n<input type=\"hidden\" name=\"_wpcf7_unit_tag\" value=\"wpcf7-f6-o1\" \/>\n<input type=\"hidden\" name=\"_wpcf7_container_post\" value=\"0\" \/>\n<input type=\"hidden\" name=\"_wpcf7_posted_data_hash\" value=\"\" \/>\n<\/div>\n<div class=\"row\">\n\t<div class=\"col-md-12\">\n\t\t<p><span class=\"wpcf7-form-control-wrap\" data-name=\"adi\"><input size=\"40\" maxlength=\"400\" class=\"wpcf7-form-control wpcf7-text wpcf7-validates-as-required\" aria-required=\"true\" aria-invalid=\"false\" placeholder=\"Dein Name\" value=\"\" type=\"text\" name=\"adi\" \/><\/span><i class=\"lqd-icn-ess icon-lqd-user\"><\/i>\n\t\t<\/p>\n\t<\/div>\n\t<div class=\"col-md-12\">\n\t\t<p><span class=\"wpcf7-form-control-wrap telefon\"><input class=\"wpcf7-form-control wpcf7-tel wpcf7-validates-as-required wpcf7-validates-as-tel\" aria-required=\"true\" aria-invalid=\"false\" value=\"\" type=\"tel\" name=\"telefon_hide\" data-name=\"telefon\"  data-pre=\"\" data-excludeCountries=\"\" data-onlyct=\"\" data-defcountry=\"\" data-auto=\"1\" data-validation=\"1\" \/><\/span><i aria-hidden=\"true\" class=\"fas fa-mobile-alt\"><\/i>\n\t\t<\/p>\n\t<\/div>\n\t<div class=\"col-md-12\">\n\t\t<p><span class=\"wpcf7-form-control-wrap\" data-name=\"email\"><input size=\"40\" maxlength=\"400\" class=\"wpcf7-form-control wpcf7-email wpcf7-validates-as-required wpcf7-text wpcf7-validates-as-email\" aria-required=\"true\" aria-invalid=\"false\" placeholder=\"Deine E-Mail\" value=\"\" type=\"email\" name=\"email\" \/><\/span><i aria-hidden=\"true\" class=\"fas fa-envelope\"><\/i>\n\t\t<\/p>\n\t<\/div>\n\t<div class=\"col-md-12\">\n\t\t<p><span class=\"wpcf7-form-control-wrap\" data-name=\"mesaj\"><textarea cols=\"40\" rows=\"1\" maxlength=\"2000\" class=\"wpcf7-form-control wpcf7-textarea\" aria-invalid=\"false\" placeholder=\"Ihre Frage...\" name=\"mesaj\"><\/textarea><\/span><i aria-hidden=\"true\"\n            class=\"far fa-comment-alt\"><\/i>\n\t\t<\/p>\n\t<\/div>\n\t<div class=\"col-md-12\">\n\t\t<p><input class=\"wpcf7-form-control wpcf7-submit has-spinner\" type=\"submit\" value=\"Formular Absenden\" \/>\n\t\t<\/p>\n\t<\/div>\n<\/div><div class=\"wpcf7-response-output\" aria-hidden=\"true\"><\/div>\n<\/form>\n<\/div>\n\t<\/div>\n\n\t\t\t<\/div>\n\t\t\t\t<\/div>\n\t\t\t\t\t<\/div>\n\t\t<\/div>\n\t\t\t\t<div class=\"elementor-column elementor-col-66 elementor-top-column elementor-element elementor-element-c8ed192\" data-id=\"c8ed192\" data-element_type=\"column\">\n\t\t\t<div class=\"elementor-widget-wrap elementor-element-populated\">\n\t\t\t\t\t\t\t\t<div class=\"elementor-element elementor-element-5dd1530 elementor-widget elementor-widget-text-editor\" data-id=\"5dd1530\" data-element_type=\"widget\" data-widget_type=\"text-editor.default\">\n\t\t\t\t<div class=\"elementor-widget-container\">\n\t\t\t<style>\/*! elementor - v3.14.0 - 26-06-2023 *\/\n.elementor-widget-text-editor.elementor-drop-cap-view-stacked .elementor-drop-cap{background-color:#69727d;color:#fff}.elementor-widget-text-editor.elementor-drop-cap-view-framed .elementor-drop-cap{color:#69727d;border:3px solid;background-color:transparent}.elementor-widget-text-editor:not(.elementor-drop-cap-view-default) .elementor-drop-cap{margin-top:8px}.elementor-widget-text-editor:not(.elementor-drop-cap-view-default) .elementor-drop-cap-letter{width:1em;height:1em}.elementor-widget-text-editor .elementor-drop-cap{float:left;text-align:center;line-height:1;font-size:50px}.elementor-widget-text-editor .elementor-drop-cap-letter{display:inline-block}<\/style>\t\t\t\t<p class=\"mas-op-intro\">Der vorzeitige Samenerguss, n\u00e4mlich die vorzeitige Ejakulation, ist eine Erkrankung mit einer hohen Pr\u00e4valenz. Jeder dritte bis vierte Mann ist davon betroffen. Die h\u00f6chste Pr\u00e4valenz gibt es laut der \u201eGlobal Study of Sexual Attitudes and Behaviours\u201c (GSSAB) in Asien, Zentral- und S\u00fcdamerika und dem Mittleren Osten. Die vorzeitige Ejakulation bedeutet, dass die Hemmschwelle f\u00fcr die Ejakulation zu kurz ist.<\/p><p><iframe title=\"YouTube video player\" src=\"https:\/\/www.youtube.com\/embed\/YegIgBvUunI?si=ZrJ0iHUDmW-ElvSn\" width=\"100%\" height=\"315\" frameborder=\"0\" allowfullscreen=\"allowfullscreen\" data-gtm-yt-inspected-96099951_31=\"true\"><\/iframe><\/p><p>Daher ereignet sich die Ejakulation innerhalb weniger Sekunden oder Minuten, bzw. schon bei dem Vorspiel. Die wissenschaftlichen Leitlinien der \u201eAmerican Urological Association\u201c (AUA) definieren, dass eine intravaginale Latenzzeit (IELT) von 7-14 Minuten (von der Penetration bis zur Ejakulation) f\u00fcr eine normale Sexualit\u00e4t spricht. D.h. jeder, der einen vorzeitigen Samenerguss unter 7 Minuten nicht verhindern kann, leidet unter dieser Erkrankung.<\/p><p>Der Leidensdruck der Partnerin ist gro\u00df. Dies f\u00fchrt deswegen zu einem Teufelskreis von Frustrationen und Beziehungskonflikten. Die Ursache daf\u00fcr, zu fr\u00fch zu kommen, ist noch nicht bekannt. Zentrale Mechanismen wie die Aussch\u00fcttung von Serotonin werden daf\u00fcr verantwortlich gemacht.<\/p><p>Psychische Ursache und periphere \u00dcberempfindlichkeit sind ebenso verantwortlich. Zu schnell zu kommen muss nicht mit einer Potenzst\u00f6rung, welche h\u00e4ufig als Begleiterkrankung einhergeht, verwechselt werden.<\/p><h2>Was soll man vor dem Eingriff beachten?<\/h2><p>Die Operation erfolgt ausschlie\u00dflich im Krankenhaus, jedoch wird die Injektion ambulant durchgef\u00fchrt.<\/p><p><iframe title=\"Penis Bas\u0327\u0131 Dolgusu Erken Bo\u015falma Tedavisinde \u00c7ok Yetersiz Bir Uygulamad\u0131r !!! Dikkat ...\" width=\"780\" height=\"439\" src=\"https:\/\/www.youtube.com\/embed\/Oz3xRqMsFZg?feature=oembed\" frameborder=\"0\" allow=\"accelerometer; autoplay; clipboard-write; encrypted-media; gyroscope; picture-in-picture; web-share\" referrerpolicy=\"strict-origin-when-cross-origin\" allowfullscreen><\/iframe><\/p>\t\t\t\t\t\t<\/div>\n\t\t\t\t<\/div>\n\t\t\t\t\t<\/div>\n\t\t<\/div>\n\t\t\t\t\t\t\t<\/div>\n\t\t<\/section>\n\t\t<div class=\"elementor-element elementor-element-e229765 e-flex e-con-boxed e-con\" data-id=\"e229765\" data-element_type=\"container\" data-settings=\"{&quot;content_width&quot;:&quot;boxed&quot;}\">\n\t\t\t\t\t<div class=\"e-con-inner\">\n\t\t\t\t\t<\/div>\n\t\t\t\t<\/div>\n\t\t<div class=\"elementor-element elementor-element-b026f71 e-flex e-con-boxed e-con\" data-id=\"b026f71\" data-element_type=\"container\" data-settings=\"{&quot;content_width&quot;:&quot;boxed&quot;}\">\n\t\t\t\t\t<div class=\"e-con-inner\">\n\t\t\t\t\t<\/div>\n\t\t\t\t<\/div>\n\t\t\t\t\t\t\t<\/div>\n\t\t","protected":false},"excerpt":{"rendered":"<p>Home Der Verfr\u00fchte Samenerguss M\u00e4nnlicher Genitalbereich \u00c4sthetik Der Verfr\u00fchte Samenerguss Fragen Sie den Arzt? Der vorzeitige Samenerguss, n\u00e4mlich die vorzeitige Ejakulation, ist eine Erkrankung mit einer hohen Pr\u00e4valenz. Jeder dritte bis vierte Mann ist davon betroffen. Die h\u00f6chste Pr\u00e4valenz gibt es laut der \u201eGlobal Study of Sexual Attitudes and Behaviours\u201c (GSSAB) in Asien, Zentral- und [&hellip;]<\/p>\n","protected":false},"author":1,"featured_media":0,"parent":0,"menu_order":0,"comment_status":"closed","ping_status":"closed","template":"","meta":{"footnotes":""},"class_list":["post-6950","page","type-page","status-publish","hentry"],"aioseo_notices":[],"_links":{"self":[{"href":"https:\/\/www.ozanbalik.com\/de\/wp-json\/wp\/v2\/pages\/6950","targetHints":{"allow":["GET"]}}],"collection":[{"href":"https:\/\/www.ozanbalik.com\/de\/wp-json\/wp\/v2\/pages"}],"about":[{"href":"https:\/\/www.ozanbalik.com\/de\/wp-json\/wp\/v2\/types\/page"}],"author":[{"embeddable":true,"href":"https:\/\/www.ozanbalik.com\/de\/wp-json\/wp\/v2\/users\/1"}],"replies":[{"embeddable":true,"href":"https:\/\/www.ozanbalik.com\/de\/wp-json\/wp\/v2\/comments?post=6950"}],"version-history":[{"count":15,"href":"https:\/\/www.ozanbalik.com\/de\/wp-json\/wp\/v2\/pages\/6950\/revisions"}],"predecessor-version":[{"id":10767,"href":"https:\/\/www.ozanbalik.com\/de\/wp-json\/wp\/v2\/pages\/6950\/revisions\/10767"}],"wp:attachment":[{"href":"https:\/\/www.ozanbalik.com\/de\/wp-json\/wp\/v2\/media?parent=6950"}],"curies":[{"name":"wp","href":"https:\/\/api.w.org\/{rel}","templated":true}]}}