{"id":6771,"date":"2022-12-15T12:04:54","date_gmt":"2022-12-15T09:04:54","guid":{"rendered":"https:\/\/www.ozanbalik.com\/de\/?page_id=6771"},"modified":"2025-12-15T23:51:48","modified_gmt":"2025-12-15T20:51:48","slug":"gynakomastie","status":"publish","type":"page","link":"https:\/\/www.ozanbalik.com\/de\/gynakomastie\/","title":{"rendered":"Gyn\u00e4komastie"},"content":{"rendered":"\t\t<div data-elementor-type=\"wp-page\" data-elementor-id=\"6771\" class=\"elementor elementor-6771\">\n\t\t\t\t\t\t\t\t\t<section class=\"elementor-section elementor-top-section elementor-element elementor-element-f3aa8e5 elementor-section-boxed elementor-section-height-default elementor-section-height-default\" data-id=\"f3aa8e5\" data-element_type=\"section\" data-settings=\"{&quot;background_background&quot;:&quot;classic&quot;}\">\n\t\t\t\t\t\t<div class=\"elementor-container elementor-column-gap-default\">\n\t\t\t\t\t<div class=\"elementor-column elementor-col-100 elementor-top-column elementor-element elementor-element-a34c7c0\" data-id=\"a34c7c0\" data-element_type=\"column\">\n\t\t\t<div class=\"elementor-widget-wrap elementor-element-populated\">\n\t\t\t\t\t\t\t\t<section class=\"elementor-section elementor-inner-section elementor-element elementor-element-2dac895 elementor-section-boxed elementor-section-height-default elementor-section-height-default\" data-id=\"2dac895\" data-element_type=\"section\">\n\t\t\t\t\t\t<div class=\"elementor-container elementor-column-gap-default\">\n\t\t\t\t\t<div class=\"elementor-column elementor-col-50 elementor-inner-column elementor-element elementor-element-532ad7a\" data-id=\"532ad7a\" data-element_type=\"column\">\n\t\t\t<div class=\"elementor-widget-wrap elementor-element-populated\">\n\t\t\t\t\t\t\t\t<div class=\"elementor-element elementor-element-e353253 elementor-widget__width-auto elementor-widget elementor-widget-ld_breadcrumb\" data-id=\"e353253\" data-element_type=\"widget\" data-widget_type=\"ld_breadcrumb.default\">\n\t\t\t\t<div class=\"elementor-widget-container\">\n\t\t\t<div class=\"lqd-breadcrumb-wrapper\"><nav role=\"navigation\" aria-label=\"Breadcrumbs\" class=\"breadcrumbs\"><ol class=\"breadcrumb reset-ul inline-nav inline-ul comma-sep-li\"><li class=\"breadcrumb-item active\"><a href=\"https:\/\/www.ozanbalik.com\/de\" rel=\"home\"><span>Home<\/span><\/a><\/li><\/ol><\/nav><\/div>\t\t<\/div>\n\t\t\t\t<\/div>\n\t\t\t\t<div class=\"elementor-element elementor-element-be6d214 elementor-widget elementor-widget-hub_fancy_heading\" data-id=\"be6d214\" data-element_type=\"widget\" data-widget_type=\"hub_fancy_heading.default\">\n\t\t\t\t<div class=\"elementor-widget-container\">\n\t\t\t\n\t\t<div id=\"ld-fancy-heading-69d6dabb69912\" class=\"ld-fancy-heading pos-rel\">\n\t\t\t<h1 class=\"ld-fh-element d-inline-block pos-rel  elementor-heading-title lqd-highlight-classic lqd-highlight-grow-left h1\"  > Preise f\u00fcr Gyn\u00e4komastie-Operationen T\u00fcrkei 2022<\/h1>\t\t<\/div>\n\n\t\t\t\t<\/div>\n\t\t\t\t<\/div>\n\t\t\t\t\t<\/div>\n\t\t<\/div>\n\t\t\t\t<div class=\"elementor-column elementor-col-50 elementor-inner-column elementor-element elementor-element-6a0873d\" data-id=\"6a0873d\" data-element_type=\"column\">\n\t\t\t<div class=\"elementor-widget-wrap\">\n\t\t\t\t\t\t\t\t\t<\/div>\n\t\t<\/div>\n\t\t\t\t\t\t\t<\/div>\n\t\t<\/section>\n\t\t\t\t\t<\/div>\n\t\t<\/div>\n\t\t\t\t\t\t\t<\/div>\n\t\t<\/section>\n\t\t\t\t<section class=\"elementor-section elementor-top-section elementor-element elementor-element-6d7be12 elementor-reverse-tablet elementor-reverse-mobile elementor-section-boxed elementor-section-height-default elementor-section-height-default\" data-id=\"6d7be12\" data-element_type=\"section\">\n\t\t\t\t\t\t<div class=\"elementor-container elementor-column-gap-default\">\n\t\t\t\t\t<div class=\"lqd-css-sticky-column elementor-column elementor-col-50 elementor-top-column elementor-element elementor-element-fb2876d\" style=\"--lqd-sticky-offset:1px\" data-id=\"fb2876d\" data-element_type=\"column\">\n\t\t\t<div class=\"elementor-widget-wrap elementor-element-populated\">\n\t\t\t\t\t\t\t\t<div class=\"elementor-element elementor-element-f0a106a elementor-widget elementor-widget-hub_fancy_heading\" data-id=\"f0a106a\" data-element_type=\"widget\" data-widget_type=\"hub_fancy_heading.default\">\n\t\t\t\t<div class=\"elementor-widget-container\">\n\t\t\t\n\t\t<div id=\"ld-fancy-heading-69d6dabb6c2ac\" class=\"ld-fancy-heading pos-rel\">\n\t\t\t<span class=\"ld-fh-element d-inline-block pos-rel  lqd-highlight-classic lqd-highlight-grow-left span\"  > Brust \u00c4sthetik<\/span>\t\t<\/div>\n\n\t\t\t\t<\/div>\n\t\t\t\t<\/div>\n\t\t\t\t<div class=\"elementor-element elementor-element-01a58e1 elementor-icon-list--layout-traditional elementor-list-item-link-full_width elementor-widget elementor-widget-icon-list\" data-id=\"01a58e1\" data-element_type=\"widget\" data-widget_type=\"icon-list.default\">\n\t\t\t\t<div class=\"elementor-widget-container\">\n\t\t\t<link rel=\"stylesheet\" href=\"https:\/\/www.ozanbalik.com\/de\/wp-content\/plugins\/elementor\/assets\/css\/widget-icon-list.min.css\">\t\t<ul class=\"elementor-icon-list-items\">\n\t\t\t\t\t\t\t<li class=\"elementor-icon-list-item\">\n\t\t\t\t\t\t\t\t\t\t\t<a href=\"https:\/\/www.ozanbalik.com\/de\/brustvergroserung\/\">\n\n\t\t\t\t\t\t\t\t\t\t\t\t<span class=\"elementor-icon-list-icon\">\n\t\t\t\t\t\t\t<i aria-hidden=\"true\" class=\"fas fa-chevron-right\"><\/i>\t\t\t\t\t\t<\/span>\n\t\t\t\t\t\t\t\t\t\t<span class=\"elementor-icon-list-text\">Brustvergr\u00f6\u00dferung<\/span>\n\t\t\t\t\t\t\t\t\t\t\t<\/a>\n\t\t\t\t\t\t\t\t\t<\/li>\n\t\t\t\t\t\t\t\t<li class=\"elementor-icon-list-item\">\n\t\t\t\t\t\t\t\t\t\t\t<a href=\"https:\/\/www.ozanbalik.com\/de\/bruststraffung\/\">\n\n\t\t\t\t\t\t\t\t\t\t\t\t<span class=\"elementor-icon-list-icon\">\n\t\t\t\t\t\t\t<i aria-hidden=\"true\" class=\"fas fa-chevron-right\"><\/i>\t\t\t\t\t\t<\/span>\n\t\t\t\t\t\t\t\t\t\t<span class=\"elementor-icon-list-text\">Bruststraffung<\/span>\n\t\t\t\t\t\t\t\t\t\t\t<\/a>\n\t\t\t\t\t\t\t\t\t<\/li>\n\t\t\t\t\t\t\t\t<li class=\"elementor-icon-list-item\">\n\t\t\t\t\t\t\t\t\t\t\t<a href=\"https:\/\/www.ozanbalik.com\/de\/brustverkleinerung\/\">\n\n\t\t\t\t\t\t\t\t\t\t\t\t<span class=\"elementor-icon-list-icon\">\n\t\t\t\t\t\t\t<i aria-hidden=\"true\" class=\"fas fa-chevron-right\"><\/i>\t\t\t\t\t\t<\/span>\n\t\t\t\t\t\t\t\t\t\t<span class=\"elementor-icon-list-text\">Brustverkleinerung<\/span>\n\t\t\t\t\t\t\t\t\t\t\t<\/a>\n\t\t\t\t\t\t\t\t\t<\/li>\n\t\t\t\t\t\t\t\t<li class=\"elementor-icon-list-item\">\n\t\t\t\t\t\t\t\t\t\t\t<a href=\"https:\/\/www.ozanbalik.com\/de\/brustasymmetrie-chirurgie\/\">\n\n\t\t\t\t\t\t\t\t\t\t\t\t<span class=\"elementor-icon-list-icon\">\n\t\t\t\t\t\t\t<i aria-hidden=\"true\" class=\"fas fa-chevron-right\"><\/i>\t\t\t\t\t\t<\/span>\n\t\t\t\t\t\t\t\t\t\t<span class=\"elementor-icon-list-text\">Brustasymmetrie Chirurgie<\/span>\n\t\t\t\t\t\t\t\t\t\t\t<\/a>\n\t\t\t\t\t\t\t\t\t<\/li>\n\t\t\t\t\t\t\t\t<li class=\"elementor-icon-list-item\">\n\t\t\t\t\t\t\t\t\t\t\t<a href=\"https:\/\/www.ozanbalik.com\/de\/gynakomastie\/\">\n\n\t\t\t\t\t\t\t\t\t\t\t\t<span class=\"elementor-icon-list-icon\">\n\t\t\t\t\t\t\t<i aria-hidden=\"true\" class=\"fas fa-chevron-right\"><\/i>\t\t\t\t\t\t<\/span>\n\t\t\t\t\t\t\t\t\t\t<span class=\"elementor-icon-list-text\">Gyn\u00e4komastie<\/span>\n\t\t\t\t\t\t\t\t\t\t\t<\/a>\n\t\t\t\t\t\t\t\t\t<\/li>\n\t\t\t\t\t\t<\/ul>\n\t\t\t\t<\/div>\n\t\t\t\t<\/div>\n\t\t\t\t<div class=\"elementor-element elementor-element-c44c146 elementor-widget elementor-widget-spacer\" data-id=\"c44c146\" data-element_type=\"widget\" data-widget_type=\"spacer.default\">\n\t\t\t\t<div class=\"elementor-widget-container\">\n\t\t\t<style>\/*! elementor - v3.14.0 - 26-06-2023 *\/\n.elementor-column .elementor-spacer-inner{height:var(--spacer-size)}.e-con{--container-widget-width:100%}.e-con-inner>.elementor-widget-spacer,.e-con>.elementor-widget-spacer{width:var(--container-widget-width,var(--spacer-size));--align-self:var(--container-widget-align-self,initial);--flex-shrink:0}.e-con-inner>.elementor-widget-spacer>.elementor-widget-container,.e-con-inner>.elementor-widget-spacer>.elementor-widget-container>.elementor-spacer,.e-con>.elementor-widget-spacer>.elementor-widget-container,.e-con>.elementor-widget-spacer>.elementor-widget-container>.elementor-spacer{height:100%}.e-con-inner>.elementor-widget-spacer>.elementor-widget-container>.elementor-spacer>.elementor-spacer-inner,.e-con>.elementor-widget-spacer>.elementor-widget-container>.elementor-spacer>.elementor-spacer-inner{height:var(--container-widget-height,var(--spacer-size))}<\/style>\t\t<div class=\"elementor-spacer\">\n\t\t\t<div class=\"elementor-spacer-inner\"><\/div>\n\t\t<\/div>\n\t\t\t\t<\/div>\n\t\t\t\t<\/div>\n\t\t\t\t<div class=\"elementor-element elementor-element-5b364b3 elementor-widget elementor-widget-hub_fancy_heading\" data-id=\"5b364b3\" data-element_type=\"widget\" data-widget_type=\"hub_fancy_heading.default\">\n\t\t\t\t<div class=\"elementor-widget-container\">\n\t\t\t\n\t\t<div id=\"ld-fancy-heading-69d6dabb6f34f\" class=\"ld-fancy-heading pos-rel\">\n\t\t\t<span class=\"ld-fh-element d-inline-block pos-rel  lqd-highlight-classic lqd-highlight-grow-left span\"  > Fragen Sie den Arzt?\n<\/span>\t\t<\/div>\n\n\t\t\t\t<\/div>\n\t\t\t\t<\/div>\n\t\t\t\t<div class=\"elementor-element elementor-element-25b2f17 elementor-widget elementor-widget-ld_cf722\" data-id=\"25b2f17\" data-element_type=\"widget\" data-widget_type=\"ld_cf722.default\">\n\t\t\t\t<div class=\"elementor-widget-container\">\n\t\t\t\n\t<div class=\"lqd-contact-form lqd-contact-form-inputs-underlined   lqd-contact-form-button-block  lqd-contact-form-button-sm   lqd-contact-form-inputs-sm\">\n\t\t\n<div class=\"wpcf7 no-js\" id=\"wpcf7-f6-o1\" lang=\"tr-TR\" dir=\"ltr\" data-wpcf7-id=\"6\">\n<div class=\"screen-reader-response\"><p role=\"status\" aria-live=\"polite\" aria-atomic=\"true\"><\/p> <ul><\/ul><\/div>\n<form action=\"\/de\/wp-json\/wp\/v2\/pages\/6771#wpcf7-f6-o1\" method=\"post\" class=\"wpcf7-form init\" aria-label=\"\u0130leti\u015fim Formu\" novalidate=\"novalidate\" data-status=\"init\">\n<div style=\"display: none;\">\n<input type=\"hidden\" name=\"_wpcf7\" value=\"6\" \/>\n<input type=\"hidden\" name=\"_wpcf7_version\" value=\"6.0.2\" \/>\n<input type=\"hidden\" name=\"_wpcf7_locale\" value=\"tr_TR\" \/>\n<input type=\"hidden\" name=\"_wpcf7_unit_tag\" value=\"wpcf7-f6-o1\" \/>\n<input type=\"hidden\" name=\"_wpcf7_container_post\" value=\"0\" \/>\n<input type=\"hidden\" name=\"_wpcf7_posted_data_hash\" value=\"\" \/>\n<\/div>\n<div class=\"row\">\n\t<div class=\"col-md-12\">\n\t\t<p><span class=\"wpcf7-form-control-wrap\" data-name=\"adi\"><input size=\"40\" maxlength=\"400\" class=\"wpcf7-form-control wpcf7-text wpcf7-validates-as-required\" aria-required=\"true\" aria-invalid=\"false\" placeholder=\"Dein Name\" value=\"\" type=\"text\" name=\"adi\" \/><\/span><i class=\"lqd-icn-ess icon-lqd-user\"><\/i>\n\t\t<\/p>\n\t<\/div>\n\t<div class=\"col-md-12\">\n\t\t<p><span class=\"wpcf7-form-control-wrap telefon\"><input class=\"wpcf7-form-control wpcf7-tel wpcf7-validates-as-required wpcf7-validates-as-tel\" aria-required=\"true\" aria-invalid=\"false\" value=\"\" type=\"tel\" name=\"telefon_hide\" data-name=\"telefon\"  data-pre=\"\" data-excludeCountries=\"\" data-onlyct=\"\" data-defcountry=\"\" data-auto=\"1\" data-validation=\"1\" \/><\/span><i aria-hidden=\"true\" class=\"fas fa-mobile-alt\"><\/i>\n\t\t<\/p>\n\t<\/div>\n\t<div class=\"col-md-12\">\n\t\t<p><span class=\"wpcf7-form-control-wrap\" data-name=\"email\"><input size=\"40\" maxlength=\"400\" class=\"wpcf7-form-control wpcf7-email wpcf7-validates-as-required wpcf7-text wpcf7-validates-as-email\" aria-required=\"true\" aria-invalid=\"false\" placeholder=\"Deine E-Mail\" value=\"\" type=\"email\" name=\"email\" \/><\/span><i aria-hidden=\"true\" class=\"fas fa-envelope\"><\/i>\n\t\t<\/p>\n\t<\/div>\n\t<div class=\"col-md-12\">\n\t\t<p><span class=\"wpcf7-form-control-wrap\" data-name=\"mesaj\"><textarea cols=\"40\" rows=\"1\" maxlength=\"2000\" class=\"wpcf7-form-control wpcf7-textarea\" aria-invalid=\"false\" placeholder=\"Ihre Frage...\" name=\"mesaj\"><\/textarea><\/span><i aria-hidden=\"true\"\n            class=\"far fa-comment-alt\"><\/i>\n\t\t<\/p>\n\t<\/div>\n\t<div class=\"col-md-12\">\n\t\t<p><input class=\"wpcf7-form-control wpcf7-submit has-spinner\" type=\"submit\" value=\"Formular Absenden\" \/>\n\t\t<\/p>\n\t<\/div>\n<\/div><div class=\"wpcf7-response-output\" aria-hidden=\"true\"><\/div>\n<\/form>\n<\/div>\n\t<\/div>\n\n\t\t\t<\/div>\n\t\t\t\t<\/div>\n\t\t\t\t\t<\/div>\n\t\t<\/div>\n\t\t\t\t<div class=\"elementor-column elementor-col-50 elementor-top-column elementor-element elementor-element-c8ed192\" data-id=\"c8ed192\" data-element_type=\"column\">\n\t\t\t<div class=\"elementor-widget-wrap elementor-element-populated\">\n\t\t\t\t\t\t\t\t<div class=\"elementor-element elementor-element-4e9b454 elementor-widget-tablet__width-initial elementor-widget-mobile__width-inherit elementor-widget elementor-widget-hub_fancy_heading\" data-id=\"4e9b454\" data-element_type=\"widget\" data-widget_type=\"hub_fancy_heading.default\">\n\t\t\t\t<div class=\"elementor-widget-container\">\n\t\t\t\n\t\t<div id=\"ld-fancy-heading-69d6dabb7dd35\" class=\"ld-fancy-heading pos-rel\">\n\t\t\t<h2 class=\"ld-fh-element d-inline-block pos-rel  elementor-heading-title h2\"  > Gyn\u00e4komastie-Operation (m\u00e4nnliche Brustverkleinerung)<\/h2>\t\t<\/div>\n\n\t\t\t\t<\/div>\n\t\t\t\t<\/div>\n\t\t\t\t<div class=\"elementor-element elementor-element-56fb072 elementor-widget-tablet__width-initial elementor-widget-mobile__width-inherit elementor-widget elementor-widget-hub_fancy_heading\" data-id=\"56fb072\" data-element_type=\"widget\" data-widget_type=\"hub_fancy_heading.default\">\n\t\t\t\t<div class=\"elementor-widget-container\">\n\t\t\t\n\t\t<div id=\"ld-fancy-heading-69d6dabb7ef6a\" class=\"ld-fancy-heading pos-rel\">\n\t\t\t<h2 class=\"ld-fh-element d-inline-block pos-rel  elementor-heading-title h2\"  > Was ist Gyn\u00e4komastie?<\/h2>\t\t<\/div>\n\n\t\t\t\t<\/div>\n\t\t\t\t<\/div>\n\t\t\t\t<div class=\"elementor-element elementor-element-5dd1530 elementor-widget elementor-widget-text-editor\" data-id=\"5dd1530\" data-element_type=\"widget\" data-widget_type=\"text-editor.default\">\n\t\t\t\t<div class=\"elementor-widget-container\">\n\t\t\t<style>\/*! elementor - v3.14.0 - 26-06-2023 *\/\n.elementor-widget-text-editor.elementor-drop-cap-view-stacked .elementor-drop-cap{background-color:#69727d;color:#fff}.elementor-widget-text-editor.elementor-drop-cap-view-framed .elementor-drop-cap{color:#69727d;border:3px solid;background-color:transparent}.elementor-widget-text-editor:not(.elementor-drop-cap-view-default) .elementor-drop-cap{margin-top:8px}.elementor-widget-text-editor:not(.elementor-drop-cap-view-default) .elementor-drop-cap-letter{width:1em;height:1em}.elementor-widget-text-editor .elementor-drop-cap{float:left;text-align:center;line-height:1;font-size:50px}.elementor-widget-text-editor .elementor-drop-cap-letter{display:inline-block}<\/style>\t\t\t\t<p><strong>Gyn\u00e4komastie<\/strong> wird Brustvergr\u00f6\u00dferung bei M\u00e4nnern genannt. Dies ist eigentlich eine sehr h\u00e4ufige Situation. Ursachen der Brustvergr\u00f6\u00dferung; hormonelle Probleme, Pubert\u00e4t, Schilddr\u00fcsenerkrankungen, Lebererkrankungen, hohes Alter, \u00fcberm\u00e4\u00dfiger Alkoholkonsum und einige Drogenkonsum. Das m\u00e4nnliche Brustgewebe unterscheidet sich nicht von der weiblichen Brust. Es enth\u00e4lt milchbildende Dr\u00fcsen, G\u00e4nge und Fettgewebe. Gyn\u00e4komastie, also eine Brustvergr\u00f6\u00dferung bei M\u00e4nnern, tritt auf unterschiedliche Weise auf. Es manifestiert sich nur in Bezug auf die Zunahme von Brustgewebe, nur in Bezug auf die Zunahme von Fettgewebe oder in Bezug auf die Zunahme von Brust- und Fettgewebe. Brustvergr\u00f6\u00dferung tritt bei den meisten Gyn\u00e4komastie-Patienten ohne Grund auf. Eine Brustvergr\u00f6\u00dferung schadet der Gesundheit nicht. Es gibt einen sozialen und psychologischen Zustand, der nur bei M\u00e4nnern auftritt. Besonders wenn die Person in der Pubert\u00e4t ist, wird dieses Problem ihr noch gr\u00f6\u00dfere Probleme bereiten. Aus diesem Grund sollte sofort eingegriffen und die Psyche der Person unter Kontrolle gebracht werden.<\/p>\t\t\t\t\t\t<\/div>\n\t\t\t\t<\/div>\n\t\t\t\t<div class=\"elementor-element elementor-element-408f935 elementor-widget-tablet__width-initial elementor-widget-mobile__width-inherit elementor-widget elementor-widget-hub_fancy_heading\" data-id=\"408f935\" data-element_type=\"widget\" data-widget_type=\"hub_fancy_heading.default\">\n\t\t\t\t<div class=\"elementor-widget-container\">\n\t\t\t\n\t\t<div id=\"ld-fancy-heading-69d6dabb81328\" class=\"ld-fancy-heading pos-rel\">\n\t\t\t<h3 class=\"ld-fh-element d-inline-block pos-rel  elementor-heading-title h3\"  > Ist eine Operation zur Brustvergr\u00f6\u00dferung notwendig?\n\n<\/h3>\t\t<\/div>\n\n\t\t\t\t<\/div>\n\t\t\t\t<\/div>\n\t\t\t\t<div class=\"elementor-element elementor-element-ece221d elementor-widget elementor-widget-text-editor\" data-id=\"ece221d\" data-element_type=\"widget\" data-widget_type=\"text-editor.default\">\n\t\t\t\t<div class=\"elementor-widget-container\">\n\t\t\t\t\t\t\t<p>Wenn die Gyn\u00e4komastie-Operation nicht durch eine Krankheit verursacht wird und Sie sich nicht in der Pubert\u00e4t befinden, ist ein chirurgischer Eingriff erforderlich. Gyn\u00e4komastie verursacht normalerweise \u00e4sthetische Beschwerden und psychische Probleme. Aus diesem Grund wird empfohlen, Gyn\u00e4komastie-Athleten zu verwenden, wenn der Patient nicht die Bedingungen f\u00fcr diese Operation hat. Gyn\u00e4komastie-Athleten verbergen den \u00dcberschuss in Ihrer Brust, genau wie die Korsetts, die von Frauen verwendet werden.<\/p>\t\t\t\t\t\t<\/div>\n\t\t\t\t<\/div>\n\t\t\t\t<div class=\"elementor-element elementor-element-00462ba elementor-widget-tablet__width-initial elementor-widget-mobile__width-inherit elementor-widget elementor-widget-hub_fancy_heading\" data-id=\"00462ba\" data-element_type=\"widget\" data-widget_type=\"hub_fancy_heading.default\">\n\t\t\t\t<div class=\"elementor-widget-container\">\n\t\t\t\n\t\t<div id=\"ld-fancy-heading-69d6dabb83264\" class=\"ld-fancy-heading pos-rel\">\n\t\t\t<h3 class=\"ld-fh-element d-inline-block pos-rel  elementor-heading-title h3\"  > Gibt es eine Altersgrenze f\u00fcr die Gyn\u00e4komastie-Operation?\n\n<\/h3>\t\t<\/div>\n\n\t\t\t\t<\/div>\n\t\t\t\t<\/div>\n\t\t\t\t<div class=\"elementor-element elementor-element-99d0382 elementor-widget elementor-widget-text-editor\" data-id=\"99d0382\" data-element_type=\"widget\" data-widget_type=\"text-editor.default\">\n\t\t\t\t<div class=\"elementor-widget-container\">\n\t\t\t\t\t\t\t<p>Obwohl es keine spezifische Altersgrenze f\u00fcr Gyn\u00e4komastie-Operationen gibt, empfehlen wir dem Patienten, erst zu warten, wenn er sich in der Pubert\u00e4t befindet. Weil beobachtet wurde, dass das in der Adoleszenz beobachtete Brustwachstum nach dieser Zeit spontan vergeht. Diese Operation kann leicht durchgef\u00fchrt werden, nachdem die Adoleszenzzeit vorbei ist. Die Person sollte zuerst die notwendigen Analysen haben und dann sollte die Gyn\u00e4komastie ohne Zeitverlust durchgef\u00fchrt werden. Auf diese Weise wird eine Brustvergr\u00f6\u00dferung verhindert, bevor psychische Probleme auftreten.<\/p>\t\t\t\t\t\t<\/div>\n\t\t\t\t<\/div>\n\t\t\t\t<div class=\"elementor-element elementor-element-66a6300 elementor-widget-tablet__width-initial elementor-widget-mobile__width-inherit elementor-widget elementor-widget-hub_fancy_heading\" data-id=\"66a6300\" data-element_type=\"widget\" data-widget_type=\"hub_fancy_heading.default\">\n\t\t\t\t<div class=\"elementor-widget-container\">\n\t\t\t\n\t\t<div id=\"ld-fancy-heading-69d6dabb85191\" class=\"ld-fancy-heading pos-rel\">\n\t\t\t<h3 class=\"ld-fh-element d-inline-block pos-rel  elementor-heading-title h3\"  > Werden nach einer Gyn\u00e4komastie-Operation Narben an meinem K\u00f6rper zur\u00fcckbleiben?\n\n<\/h3>\t\t<\/div>\n\n\t\t\t\t<\/div>\n\t\t\t\t<\/div>\n\t\t\t\t<div class=\"elementor-element elementor-element-5a35e84 elementor-widget elementor-widget-text-editor\" data-id=\"5a35e84\" data-element_type=\"widget\" data-widget_type=\"text-editor.default\">\n\t\t\t\t<div class=\"elementor-widget-container\">\n\t\t\t\t\t\t\t<p>Wenn der Grund f\u00fcr die Brustvergr\u00f6\u00dferung die Fettvermehrung in diesem Bereich ist, kann dieses Problem mit einer Fettabsaugung gel\u00f6st werden. Da bei der Fettabsaugung kleine L\u00f6cher ge\u00f6ffnet werden, entsteht keine Operationsnarbe. Liegt der Grund f\u00fcr die Brustvergr\u00f6\u00dferung jedoch im Wachstum von Dr\u00fcsengewebe in den Br\u00fcsten, sollte das \u00fcbersch\u00fcssige Gewebe mit einem Schnitt unter der Brustwarze entfernt werden. In diesem Bereich fallen die Spuren nicht auf und verblassen mit der Zeit, da der dunkle Teil darunter ge\u00f6ffnet wird.<\/p><h3><strong>Wie lange dauert eine Gyn\u00e4komastie-Operation? Werde ich nach der Operation starke Schmerzen versp\u00fcren?<\/strong><\/h3><p>Gyn\u00e4komastie, also Brustverkleinerung, wird mit Sedierungsan\u00e4sthesie oder Vollnarkose durchgef\u00fchrt. Nach der Operation, die meist in Schlafnarkose durchgef\u00fchrt wird, kann der Patient noch am selben Tag nach Hause gehen. Die Dauer einer Gyn\u00e4komastie-Operation variiert je nach Brustgr\u00f6\u00dfe und angewandter Methode zwischen einer halben und einer Stunde. Nach der Operation werden Sie mit Hilfe von An\u00e4sthetika, die unter das Gewebe gegeben werden, keine Schmerzen versp\u00fcren. Aber nach ein oder zwei Tagen k\u00f6nnen Sie leichte Schmerzen versp\u00fcren. Dies ist eine ganz normale Situation. Im Allgemeinen wird von \u00c4rzten empfohlen, nach einer Gyn\u00e4komastie-Operation einen Monat lang ein Korsett zu tragen. Der Grund daf\u00fcr ist, dass das Brustgewebe besser an seinem neuen Platz haftet und dieser Bereich gestrafft wird.<\/p><h3><strong>Ist das Ergebnis nach einer Gyn\u00e4komastie-Operation dauerhaft? Wird die Brust wieder wachsen?<\/strong><\/h3><p>Damit das Ergebnis einer Brustverkleinerung bei M\u00e4nnern dauerhaft ist, muss die Gewichtszunahme aufrechterhalten werden. Wenn keine Gewichtszunahme zu sehen ist, wird es kein Nachwachsen geben, da das Fettgewebe aus diesem Bereich vollst\u00e4ndig entfernt wird. Kurz gesagt, Sie werden nach einer Gyn\u00e4komastie-Operation v\u00f6llig frei von einer Brustvergr\u00f6\u00dferung sein.<\/p>\t\t\t\t\t\t<\/div>\n\t\t\t\t<\/div>\n\t\t\t\t\t<\/div>\n\t\t<\/div>\n\t\t\t\t\t\t\t<\/div>\n\t\t<\/section>\n\t\t\t\t\t\t\t<\/div>\n\t\t","protected":false},"excerpt":{"rendered":"<p>Anasayfa Preise f\u00fcr Gyn\u00e4komastie-Operationen T\u00fcrkei 2022 Brust \u00c4sthetik Brustvergr\u00f6\u00dferung Bruststraffung Brustverkleinerung Brustasymmetrie Chirurgie Gyn\u00e4komastie Fragen Sie den Arzt? Gyn\u00e4komastie-Operation (m\u00e4nnliche Brustverkleinerung) Was ist Gyn\u00e4komastie? Gyn\u00e4komastie wird Brustvergr\u00f6\u00dferung bei M\u00e4nnern genannt. Dies ist eigentlich eine sehr h\u00e4ufige Situation. Ursachen der Brustvergr\u00f6\u00dferung; hormonelle Probleme, Pubert\u00e4t, Schilddr\u00fcsenerkrankungen, Lebererkrankungen, hohes Alter, \u00fcberm\u00e4\u00dfiger Alkoholkonsum und einige Drogenkonsum. Das m\u00e4nnliche Brustgewebe [&hellip;]<\/p>\n","protected":false},"author":1,"featured_media":0,"parent":0,"menu_order":0,"comment_status":"closed","ping_status":"closed","template":"","meta":{"footnotes":""},"class_list":["post-6771","page","type-page","status-publish","hentry"],"aioseo_notices":[],"_links":{"self":[{"href":"https:\/\/www.ozanbalik.com\/de\/wp-json\/wp\/v2\/pages\/6771","targetHints":{"allow":["GET"]}}],"collection":[{"href":"https:\/\/www.ozanbalik.com\/de\/wp-json\/wp\/v2\/pages"}],"about":[{"href":"https:\/\/www.ozanbalik.com\/de\/wp-json\/wp\/v2\/types\/page"}],"author":[{"embeddable":true,"href":"https:\/\/www.ozanbalik.com\/de\/wp-json\/wp\/v2\/users\/1"}],"replies":[{"embeddable":true,"href":"https:\/\/www.ozanbalik.com\/de\/wp-json\/wp\/v2\/comments?post=6771"}],"version-history":[{"count":1,"href":"https:\/\/www.ozanbalik.com\/de\/wp-json\/wp\/v2\/pages\/6771\/revisions"}],"predecessor-version":[{"id":10475,"href":"https:\/\/www.ozanbalik.com\/de\/wp-json\/wp\/v2\/pages\/6771\/revisions\/10475"}],"wp:attachment":[{"href":"https:\/\/www.ozanbalik.com\/de\/wp-json\/wp\/v2\/media?parent=6771"}],"curies":[{"name":"wp","href":"https:\/\/api.w.org\/{rel}","templated":true}]}}